{"id":612,"date":"2021-03-26T10:04:13","date_gmt":"2021-03-26T10:04:13","guid":{"rendered":"http:\/\/localhost\/nuss\/?page_id=612"},"modified":"2024-01-30T16:26:53","modified_gmt":"2024-01-30T16:26:53","slug":"restaurant","status":"publish","type":"page","link":"https:\/\/riadlesaadien.com\/en\/restaurant\/","title":{"rendered":"RESTAURANT"},"content":{"rendered":"<div data-elementor-type=\"wp-page\" data-elementor-id=\"612\" class=\"elementor elementor-612\">\n\t\t\t\t\t\t<section class=\"elementor-section elementor-top-section elementor-element elementor-element-e2effe8 elementor-section-boxed elementor-section-gap-beside-yes elementor-section-height-default elementor-section-height-default elementor-section-column-vertical-align-stretch\" data-id=\"e2effe8\" data-element_type=\"section\">\n\t\t\t\t\t\t<div class=\"elementor-container elementor-column-gap-extended\">\n\t\t\t\t\t<div class=\"elementor-column elementor-col-100 elementor-top-column elementor-element elementor-element-e18f688\" data-id=\"e18f688\" data-element_type=\"column\">\n\t\t\t<div class=\"elementor-widget-wrap elementor-element-populated\">\n\t\t\t\t\t\t<div class=\"elementor-element elementor-element-6db146d elementor-widget__width-initial elementor-invisible elementor-widget elementor-widget-text-editor\" data-id=\"6db146d\" data-element_type=\"widget\" data-settings=\"{&quot;_animation&quot;:&quot;nussFadeInUp&quot;}\" data-widget_type=\"text-editor.default\">\n\t\t\t\t<div class=\"elementor-widget-container\">\n\t\t\t<style>\/*! elementor - v3.19.0 - 29-01-2024 *\/\n.elementor-widget-text-editor.elementor-drop-cap-view-stacked .elementor-drop-cap{background-color:#69727d;color:#fff}.elementor-widget-text-editor.elementor-drop-cap-view-framed .elementor-drop-cap{color:#69727d;border:3px solid;background-color:transparent}.elementor-widget-text-editor:not(.elementor-drop-cap-view-default) .elementor-drop-cap{margin-top:8px}.elementor-widget-text-editor:not(.elementor-drop-cap-view-default) .elementor-drop-cap-letter{width:1em;height:1em}.elementor-widget-text-editor .elementor-drop-cap{float:left;text-align:center;line-height:1;font-size:50px}.elementor-widget-text-editor .elementor-drop-cap-letter{display:inline-block}<\/style>\t\t\t\t<p>Riad Le Saadien offers traditional Moroccan cuisine in a relaxed atmosphere at any time of the day.<\/p><p>Delicious recipes made with simplicity, revealing traditional flavors inspired by Moroccan cuisine. Everything is homemade, using fresh ingredients from the local market.<\/p>\t\t\t\t\t\t<\/div>\n\t\t\t\t<\/div>\n\t\t\t\t<div class=\"elementor-element elementor-element-07a903d elementor-align-center elementor-invisible elementor-widget elementor-widget-button\" data-id=\"07a903d\" data-element_type=\"widget\" data-settings=\"{&quot;_animation&quot;:&quot;nussFadeInUp&quot;}\" data-widget_type=\"button.default\">\n\t\t\t\t<div class=\"elementor-widget-container\">\n\t\t\t\t\t<div class=\"elementor-button-wrapper\">\n\t\t\t<a class=\"elementor-button elementor-button-link elementor-size-sm\" href=\"mailto:booking@riadlesaadien.com\">\n\t\t\t\t\t\t<span class=\"elementor-button-content-wrapper\">\n\t\t\t\t\t\t<span class=\"elementor-button-text\">Book A Table<\/span>\n\t\t<\/span>\n\t\t\t\t\t<\/a>\n\t\t<\/div>\n\t\t\t\t<\/div>\n\t\t\t\t<\/div>\n\t\t\t\t<div class=\"elementor-element elementor-element-8591666 elementor-invisible elementor-widget elementor-widget-text-editor\" data-id=\"8591666\" data-element_type=\"widget\" data-settings=\"{&quot;_animation&quot;:&quot;nussFadeInUp&quot;}\" data-widget_type=\"text-editor.default\">\n\t\t\t\t<div class=\"elementor-widget-container\">\n\t\t\t\t\t\t\t<p>Or Call Us on: <a href=\"tel:+212662634583\">+212 662 634 583<\/a><\/p>\t\t\t\t\t\t<\/div>\n\t\t\t\t<\/div>\n\t\t\t\t\t<\/div>\n\t\t<\/div>\n\t\t\t\t\t<\/div>\n\t\t<\/section>\n\t\t\t\t<section class=\"elementor-section elementor-top-section elementor-element elementor-element-efdaa11 elementor-section-boxed elementor-section-gap-beside-yes elementor-section-height-default elementor-section-height-default elementor-section-column-vertical-align-stretch\" data-id=\"efdaa11\" data-element_type=\"section\">\n\t\t\t\t\t\t<div class=\"elementor-container elementor-column-gap-extended\">\n\t\t\t\t\t<div class=\"elementor-column elementor-col-100 elementor-top-column elementor-element elementor-element-3a1e86a\" data-id=\"3a1e86a\" data-element_type=\"column\">\n\t\t\t<div class=\"elementor-widget-wrap elementor-element-populated\">\n\t\t\t\t\t\t<div class=\"elementor-element elementor-element-032b83a bullets-v-align-below elementor-invisible nuss-elementor-loading nuss-slide-in-up elementor-widget elementor-widget-nuss-image-carousel\" data-id=\"032b83a\" data-element_type=\"widget\" data-settings=\"{&quot;_animation&quot;:&quot;nussSlideInUp&quot;}\" data-widget_type=\"nuss-image-carousel.default\">\n\t\t\t\t<div class=\"elementor-widget-container\">\n\t\t\t\n\t\t<div  class=\"nuss-swiper nuss-slider-widget nav-style-03 pagination-style-01 bullets-horizontal bullets-h-align-center bullets-v-align-below\" data-lg-items=\"1\" data-lg-gutter=\"30\" data-nav=\"1\" data-nav-aligned-by=\"slider\" data-pagination-aligned-by=\"slider\" data-pagination=\"1\" data-loop=\"1\" data-simulate-touch=\"1\" data-speed=\"1000\" data-effect=\"slide\">\n\t\t\t<div class=\"swiper-inner\">\n\n\t\t\t\t\n\t\t\t\t<div class=\"swiper-container swiper\">\n\t\t\t\t\t<div class=\"swiper-wrapper\">\n\t\t\t\t\t\t\t\t\t<div class=\"swiper-slide\">\n\t\t\t\t<div class=\"image\">\n\t\t\t\t\t<img decoding=\"async\"  src=\"https:\/\/riadlesaadien.com\/wp-content\/uploads\/2022\/03\/Capture-decran-2022-03-03-a-16.29.10.png\" alt=\"Capture d\u2019e\u0301cran 2022-03-03 a\u0300 16.29.10\" \/>\t\t\t\t<\/div>\n\t\t\t<\/div>\n\t\t\t\t\t\t\t\t<\/div>\n\t\t\t\t<\/div>\n\n\t\t\t\t\n\t\t\t<\/div>\n\t\t<\/div>\n\t\t\t\t<\/div>\n\t\t\t\t<\/div>\n\t\t\t\t\t<\/div>\n\t\t<\/div>\n\t\t\t\t\t<\/div>\n\t\t<\/section>\n\t\t\t\t<\/div>","protected":false},"excerpt":{"rendered":"<p>Riad Le Saadien propose une cuisine marocaine traditionnelle dans une atmosph\u00e8re d\u00e9contract\u00e9e \u00e0 toute heure de la journ\u00e9e. Des recettes savoureuses en toute simplicit\u00e9, qui d\u00e9voilent des parfums traditionnels s\u2019inspirant des saveurs marocaines. Tout est fait maison, avec des produits frais du march\u00e9 local. Book A Table Ou appelez nous: +212 662 634 583<\/p>","protected":false},"author":1,"featured_media":0,"parent":0,"menu_order":0,"comment_status":"closed","ping_status":"closed","template":"elementor_header_footer","meta":{"footnotes":""},"class_list":["post-612","page","type-page","status-publish","hentry","post-no-thumbnail"],"yoast_head":"<!-- This site is optimized with the Yoast SEO plugin v27.1.1 - https:\/\/yoast.com\/product\/yoast-seo-wordpress\/ -->\n<title>Restaurant - Riad Le Saadien - Riad Luxe Marrakech<\/title>\n<meta name=\"description\" content=\"Restaurant : Riad Le Saadien propose une cuisine marocaine traditionnelle dans une atmosph\u00e8re d\u00e9contract\u00e9e \u00e0 toute heure de la journ\u00e9e.Des recettes savoureuses en\" \/>\n<meta name=\"robots\" content=\"index, follow, max-snippet:-1, max-image-preview:large, max-video-preview:-1\" \/>\n<link rel=\"canonical\" href=\"https:\/\/riadlesaadien.com\/en\/restaurant\/\" \/>\n<meta property=\"og:locale\" content=\"en_GB\" \/>\n<meta property=\"og:type\" content=\"article\" \/>\n<meta property=\"og:title\" content=\"Restaurant - Riad Le Saadien - Riad Luxe Marrakech\" \/>\n<meta property=\"og:description\" content=\"Restaurant : Riad Le Saadien propose une cuisine marocaine traditionnelle dans une atmosph\u00e8re d\u00e9contract\u00e9e \u00e0 toute heure de la journ\u00e9e.Des recettes savoureuses en\" \/>\n<meta property=\"og:url\" content=\"https:\/\/riadlesaadien.com\/en\/restaurant\/\" \/>\n<meta property=\"og:site_name\" content=\"Riad Le Saadien\" \/>\n<meta property=\"article:modified_time\" content=\"2024-01-30T16:26:53+00:00\" \/>\n<meta property=\"og:image\" content=\"https:\/\/riadlesaadien.com\/wp-content\/uploads\/2022\/03\/Capture-decran-2022-03-03-a-16.29.10.png\" \/>\n<meta name=\"twitter:card\" content=\"summary_large_image\" \/>\n<meta name=\"twitter:label1\" content=\"Estimated reading time\" \/>\n\t<meta name=\"twitter:data1\" content=\"1 minute\" \/>\n<script type=\"application\/ld+json\" class=\"yoast-schema-graph\">{\"@context\":\"https:\/\/schema.org\",\"@graph\":[{\"@type\":\"WebPage\",\"@id\":\"https:\/\/riadlesaadien.com\/restaurant\/\",\"url\":\"https:\/\/riadlesaadien.com\/restaurant\/\",\"name\":\"Restaurant - Riad Le Saadien - Riad Luxe Marrakech\",\"isPartOf\":{\"@id\":\"https:\/\/riadlesaadien.com\/#website\"},\"primaryImageOfPage\":{\"@id\":\"https:\/\/riadlesaadien.com\/restaurant\/#primaryimage\"},\"image\":{\"@id\":\"https:\/\/riadlesaadien.com\/restaurant\/#primaryimage\"},\"thumbnailUrl\":\"https:\/\/riadlesaadien.com\/wp-content\/uploads\/2022\/03\/Capture-decran-2022-03-03-a-16.29.10.png\",\"datePublished\":\"2021-03-26T10:04:13+00:00\",\"dateModified\":\"2024-01-30T16:26:53+00:00\",\"description\":\"Restaurant : Riad Le Saadien propose une cuisine marocaine traditionnelle dans une atmosph\u00e8re d\u00e9contract\u00e9e \u00e0 toute heure de la journ\u00e9e.Des recettes savoureuses en\",\"breadcrumb\":{\"@id\":\"https:\/\/riadlesaadien.com\/restaurant\/#breadcrumb\"},\"inLanguage\":\"en-GB\",\"potentialAction\":[{\"@type\":\"ReadAction\",\"target\":[\"https:\/\/riadlesaadien.com\/restaurant\/\"]}]},{\"@type\":\"ImageObject\",\"inLanguage\":\"en-GB\",\"@id\":\"https:\/\/riadlesaadien.com\/restaurant\/#primaryimage\",\"url\":\"https:\/\/riadlesaadien.com\/wp-content\/uploads\/2022\/03\/Capture-decran-2022-03-03-a-16.29.10.png\",\"contentUrl\":\"https:\/\/riadlesaadien.com\/wp-content\/uploads\/2022\/03\/Capture-decran-2022-03-03-a-16.29.10.png\"},{\"@type\":\"BreadcrumbList\",\"@id\":\"https:\/\/riadlesaadien.com\/restaurant\/#breadcrumb\",\"itemListElement\":[{\"@type\":\"ListItem\",\"position\":1,\"name\":\"Accueil\",\"item\":\"https:\/\/riadlesaadien.com\/\"},{\"@type\":\"ListItem\",\"position\":2,\"name\":\"Restaurant\"}]},{\"@type\":\"WebSite\",\"@id\":\"https:\/\/riadlesaadien.com\/#website\",\"url\":\"https:\/\/riadlesaadien.com\/\",\"name\":\"Riad Le Saadien - Riad MEdina MArrakech\",\"description\":\"Riad de luxe \u00e0 Marrakech\",\"publisher\":{\"@id\":\"https:\/\/riadlesaadien.com\/#organization\"},\"potentialAction\":[{\"@type\":\"SearchAction\",\"target\":{\"@type\":\"EntryPoint\",\"urlTemplate\":\"https:\/\/riadlesaadien.com\/?s={search_term_string}\"},\"query-input\":{\"@type\":\"PropertyValueSpecification\",\"valueRequired\":true,\"valueName\":\"search_term_string\"}}],\"inLanguage\":\"en-GB\"},{\"@type\":\"Organization\",\"@id\":\"https:\/\/riadlesaadien.com\/#organization\",\"name\":\"Riad Le Saadien\",\"url\":\"https:\/\/riadlesaadien.com\/\",\"logo\":{\"@type\":\"ImageObject\",\"inLanguage\":\"en-GB\",\"@id\":\"https:\/\/riadlesaadien.com\/#\/schema\/logo\/image\/\",\"url\":\"https:\/\/riadlesaadien.com\/wp-content\/uploads\/2024\/01\/cropped-favic.png\",\"contentUrl\":\"https:\/\/riadlesaadien.com\/wp-content\/uploads\/2024\/01\/cropped-favic.png\",\"width\":512,\"height\":512,\"caption\":\"Riad Le Saadien\"},\"image\":{\"@id\":\"https:\/\/riadlesaadien.com\/#\/schema\/logo\/image\/\"}}]}<\/script>\n<!-- \/ Yoast SEO plugin. -->","yoast_head_json":{"title":"Restaurant In Medina Marrakech - Riad Le Saadien","description":"Restaurant: Riad Le Saadien offers traditional Moroccan cuisine in a relaxed atmosphere at any time of the day. Enjoy delicious recipes","robots":{"index":"index","follow":"follow","max-snippet":"max-snippet:-1","max-image-preview":"max-image-preview:large","max-video-preview":"max-video-preview:-1"},"canonical":"https:\/\/riadlesaadien.com\/en\/restaurant\/","og_locale":"en_GB","og_type":"article","og_title":"Restaurant - Riad Le Saadien - Riad Luxe Marrakech","og_description":"Restaurant : Riad Le Saadien propose une cuisine marocaine traditionnelle dans une atmosph\u00e8re d\u00e9contract\u00e9e \u00e0 toute heure de la journ\u00e9e.Des recettes savoureuses en","og_url":"https:\/\/riadlesaadien.com\/en\/restaurant\/","og_site_name":"Riad Le Saadien","article_modified_time":"2024-01-30T16:26:53+00:00","og_image":[{"url":"https:\/\/riadlesaadien.com\/wp-content\/uploads\/2022\/03\/Capture-decran-2022-03-03-a-16.29.10.png","type":"","width":"","height":""}],"twitter_card":"summary_large_image","twitter_misc":{"Estimated reading time":"1 minute"},"schema":{"@context":"https:\/\/schema.org","@graph":[{"@type":"WebPage","@id":"https:\/\/riadlesaadien.com\/restaurant\/","url":"https:\/\/riadlesaadien.com\/restaurant\/","name":"Restaurant In Medina Marrakech - Riad Le Saadien","isPartOf":{"@id":"https:\/\/riadlesaadien.com\/#website"},"primaryImageOfPage":{"@id":"https:\/\/riadlesaadien.com\/restaurant\/#primaryimage"},"image":{"@id":"https:\/\/riadlesaadien.com\/restaurant\/#primaryimage"},"thumbnailUrl":"https:\/\/riadlesaadien.com\/wp-content\/uploads\/2022\/03\/Capture-decran-2022-03-03-a-16.29.10.png","datePublished":"2021-03-26T10:04:13+00:00","dateModified":"2024-01-30T16:26:53+00:00","description":"Restaurant: Riad Le Saadien offers traditional Moroccan cuisine in a relaxed atmosphere at any time of the day. Enjoy delicious recipes","breadcrumb":{"@id":"https:\/\/riadlesaadien.com\/restaurant\/#breadcrumb"},"inLanguage":"en-GB","potentialAction":[{"@type":"ReadAction","target":["https:\/\/riadlesaadien.com\/restaurant\/"]}]},{"@type":"ImageObject","inLanguage":"en-GB","@id":"https:\/\/riadlesaadien.com\/restaurant\/#primaryimage","url":"https:\/\/riadlesaadien.com\/wp-content\/uploads\/2022\/03\/Capture-decran-2022-03-03-a-16.29.10.png","contentUrl":"https:\/\/riadlesaadien.com\/wp-content\/uploads\/2022\/03\/Capture-decran-2022-03-03-a-16.29.10.png"},{"@type":"BreadcrumbList","@id":"https:\/\/riadlesaadien.com\/restaurant\/#breadcrumb","itemListElement":[{"@type":"ListItem","position":1,"name":"Accueil","item":"https:\/\/riadlesaadien.com\/"},{"@type":"ListItem","position":2,"name":"Restaurant"}]},{"@type":"WebSite","@id":"https:\/\/riadlesaadien.com\/#website","url":"https:\/\/riadlesaadien.com\/","name":"Riad Le Saadien - Riad MEdina MArrakech","description":"Luxury Riad In Marrakech","publisher":{"@id":"https:\/\/riadlesaadien.com\/#organization"},"potentialAction":[{"@type":"SearchAction","target":{"@type":"EntryPoint","urlTemplate":"https:\/\/riadlesaadien.com\/?s={search_term_string}"},"query-input":{"@type":"PropertyValueSpecification","valueRequired":true,"valueName":"search_term_string"}}],"inLanguage":"en-GB"},{"@type":"Organization","@id":"https:\/\/riadlesaadien.com\/#organization","name":"Riad Le Saadien","url":"https:\/\/riadlesaadien.com\/","logo":{"@type":"ImageObject","inLanguage":"en-GB","@id":"https:\/\/riadlesaadien.com\/#\/schema\/logo\/image\/","url":"https:\/\/riadlesaadien.com\/wp-content\/uploads\/2024\/01\/cropped-favic.png","contentUrl":"https:\/\/riadlesaadien.com\/wp-content\/uploads\/2024\/01\/cropped-favic.png","width":512,"height":512,"caption":"Riad Le Saadien"},"image":{"@id":"https:\/\/riadlesaadien.com\/#\/schema\/logo\/image\/"}}]}},"_links":{"self":[{"href":"https:\/\/riadlesaadien.com\/en\/wp-json\/wp\/v2\/pages\/612","targetHints":{"allow":["GET"]}}],"collection":[{"href":"https:\/\/riadlesaadien.com\/en\/wp-json\/wp\/v2\/pages"}],"about":[{"href":"https:\/\/riadlesaadien.com\/en\/wp-json\/wp\/v2\/types\/page"}],"author":[{"embeddable":true,"href":"https:\/\/riadlesaadien.com\/en\/wp-json\/wp\/v2\/users\/1"}],"replies":[{"embeddable":true,"href":"https:\/\/riadlesaadien.com\/en\/wp-json\/wp\/v2\/comments?post=612"}],"version-history":[{"count":9,"href":"https:\/\/riadlesaadien.com\/en\/wp-json\/wp\/v2\/pages\/612\/revisions"}],"predecessor-version":[{"id":7598,"href":"https:\/\/riadlesaadien.com\/en\/wp-json\/wp\/v2\/pages\/612\/revisions\/7598"}],"wp:attachment":[{"href":"https:\/\/riadlesaadien.com\/en\/wp-json\/wp\/v2\/media?parent=612"}],"curies":[{"name":"wp","href":"https:\/\/api.w.org\/{rel}","templated":true}]}}