{"id":6325,"date":"2021-03-23T04:33:54","date_gmt":"2021-03-23T04:33:54","guid":{"rendered":"http:\/\/127.0.0.1\/saadien\/about-us\/"},"modified":"2024-01-31T15:32:06","modified_gmt":"2024-01-31T15:32:06","slug":"le-saadien","status":"publish","type":"page","link":"https:\/\/riadlesaadien.com\/en\/le-saadien\/","title":{"rendered":"About Le Saadien"},"content":{"rendered":"\t\t<div data-elementor-type=\"wp-page\" data-elementor-id=\"6325\" class=\"elementor elementor-6325\">\n\t\t\t\t\t\t<section class=\"elementor-section elementor-top-section elementor-element elementor-element-22f368b elementor-section-boxed elementor-section-gap-beside-yes elementor-section-height-default elementor-section-height-default elementor-section-column-vertical-align-stretch\" data-id=\"22f368b\" data-element_type=\"section\">\n\t\t\t\t\t\t<div class=\"elementor-container elementor-column-gap-extended\">\n\t\t\t\t\t<div class=\"elementor-column elementor-col-50 elementor-top-column elementor-element elementor-element-cd50ecf\" data-id=\"cd50ecf\" data-element_type=\"column\">\n\t\t\t<div class=\"elementor-widget-wrap elementor-element-populated\">\n\t\t\t\t\t\t<div class=\"elementor-element elementor-element-e8c92e2 elementor-invisible elementor-widget elementor-widget-text-editor\" data-id=\"e8c92e2\" data-element_type=\"widget\" data-settings=\"{&quot;_animation&quot;:&quot;nussFadeInUp&quot;}\" data-widget_type=\"text-editor.default\">\n\t\t\t\t<div class=\"elementor-widget-container\">\n\t\t\t<style>\/*! elementor - v3.19.0 - 29-01-2024 *\/\n.elementor-widget-text-editor.elementor-drop-cap-view-stacked .elementor-drop-cap{background-color:#69727d;color:#fff}.elementor-widget-text-editor.elementor-drop-cap-view-framed .elementor-drop-cap{color:#69727d;border:3px solid;background-color:transparent}.elementor-widget-text-editor:not(.elementor-drop-cap-view-default) .elementor-drop-cap{margin-top:8px}.elementor-widget-text-editor:not(.elementor-drop-cap-view-default) .elementor-drop-cap-letter{width:1em;height:1em}.elementor-widget-text-editor .elementor-drop-cap{float:left;text-align:center;line-height:1;font-size:50px}.elementor-widget-text-editor .elementor-drop-cap-letter{display:inline-block}<\/style>\t\t\t\t<p>Le personnel du Riad Le Saadien est comme une famille. Vous rencontrerez l&rsquo;\u00e9quipe \u00e0 votre arriv\u00e9e, ils vous recevront avec un accueil chaleureux et un traditionnel th\u00e9 \u00e0 la menthe accompagn\u00e9 de p\u00e2tisseries.<\/p><p>Sans l&rsquo;ombre d&rsquo;un doute, ils feront en sorte que votre s\u00e9jour au Riad Le Saadien soit m\u00e9morable et r\u00e9ponde \u00e0 tous vos r\u00eaves et besoins. Demandez-leur des conseils sur la ville, et vous d\u00e9couvrirez Marrakech comme vous ne l&rsquo;aviez jamais imagin\u00e9.<\/p>\t\t\t\t\t\t<\/div>\n\t\t\t\t<\/div>\n\t\t\t\t<div class=\"elementor-element elementor-element-09628ae elementor-invisible elementor-widget elementor-widget-image\" data-id=\"09628ae\" data-element_type=\"widget\" data-settings=\"{&quot;_animation&quot;:&quot;nussFadeInUp&quot;}\" data-widget_type=\"image.default\">\n\t\t\t\t<div class=\"elementor-widget-container\">\n\t\t\t<style>\/*! elementor - v3.19.0 - 29-01-2024 *\/\n.elementor-widget-image{text-align:center}.elementor-widget-image a{display:inline-block}.elementor-widget-image a img[src$=\".svg\"]{width:48px}.elementor-widget-image img{vertical-align:middle;display:inline-block}<\/style>\t\t\t\t\t\t\t\t\t\t<img decoding=\"async\" src=\"https:\/\/riadlesaadien.com\/wp-content\/uploads\/2022\/02\/LOGO-LE-SAADIEN-FINAL-LINGE-3-.png\" title=\"\" alt=\"\" loading=\"lazy\" \/>\t\t\t\t\t\t\t\t\t\t\t\t\t<\/div>\n\t\t\t\t<\/div>\n\t\t\t\t<div class=\"elementor-element elementor-element-f2aab27 elementor-invisible elementor-widget elementor-widget-heading\" data-id=\"f2aab27\" data-element_type=\"widget\" data-settings=\"{&quot;_animation&quot;:&quot;nussFadeInUp&quot;}\" data-widget_type=\"heading.default\">\n\t\t\t\t<div class=\"elementor-widget-container\">\n\t\t\t<style>\/*! elementor - v3.19.0 - 29-01-2024 *\/\n.elementor-heading-title{padding:0;margin:0;line-height:1}.elementor-widget-heading .elementor-heading-title[class*=elementor-size-]>a{color:inherit;font-size:inherit;line-height:inherit}.elementor-widget-heading .elementor-heading-title.elementor-size-small{font-size:15px}.elementor-widget-heading .elementor-heading-title.elementor-size-medium{font-size:19px}.elementor-widget-heading .elementor-heading-title.elementor-size-large{font-size:29px}.elementor-widget-heading .elementor-heading-title.elementor-size-xl{font-size:39px}.elementor-widget-heading .elementor-heading-title.elementor-size-xxl{font-size:59px}<\/style><span class=\"elementor-heading-title elementor-size-default\">\u00c9quipe<\/span>\t\t<\/div>\n\t\t\t\t<\/div>\n\t\t\t\t<div class=\"elementor-element elementor-element-fa76db7 elementor-invisible elementor-widget elementor-widget-text-editor\" data-id=\"fa76db7\" data-element_type=\"widget\" data-settings=\"{&quot;_animation&quot;:&quot;nussFadeInUp&quot;}\" data-widget_type=\"text-editor.default\">\n\t\t\t\t<div class=\"elementor-widget-container\">\n\t\t\t\t\t\t\t<p>Riad Le Saadien<\/p>\t\t\t\t\t\t<\/div>\n\t\t\t\t<\/div>\n\t\t\t\t\t<\/div>\n\t\t<\/div>\n\t\t\t\t<div class=\"elementor-column elementor-col-50 elementor-top-column elementor-element elementor-element-414be75\" data-id=\"414be75\" data-element_type=\"column\">\n\t\t\t<div class=\"elementor-widget-wrap elementor-element-populated\">\n\t\t\t\t\t\t<div class=\"elementor-element elementor-element-1d6e131 elementor-invisible nuss-elementor-loading nuss-slide-in-left elementor-widget elementor-widget-image\" data-id=\"1d6e131\" data-element_type=\"widget\" data-settings=\"{&quot;_animation&quot;:&quot;nussSlideInLeft&quot;}\" data-widget_type=\"image.default\">\n\t\t\t\t<div class=\"elementor-widget-container\">\n\t\t\t\t\t\t\t\t\t\t\t\t\t<img fetchpriority=\"high\" decoding=\"async\" width=\"1526\" height=\"1017\" src=\"https:\/\/riadlesaadien.com\/wp-content\/uploads\/2023\/12\/Riad-le-saadien-selection-8-1.jpg\" class=\"attachment-full size-full wp-image-7233\" alt=\"\" srcset=\"https:\/\/riadlesaadien.com\/wp-content\/uploads\/2023\/12\/Riad-le-saadien-selection-8-1.jpg 1526w, https:\/\/riadlesaadien.com\/wp-content\/uploads\/2023\/12\/Riad-le-saadien-selection-8-1-300x200.jpg 300w, https:\/\/riadlesaadien.com\/wp-content\/uploads\/2023\/12\/Riad-le-saadien-selection-8-1-1024x682.jpg 1024w, https:\/\/riadlesaadien.com\/wp-content\/uploads\/2023\/12\/Riad-le-saadien-selection-8-1-768x512.jpg 768w, https:\/\/riadlesaadien.com\/wp-content\/uploads\/2023\/12\/Riad-le-saadien-selection-8-1-18x12.jpg 18w\" sizes=\"(max-width: 1526px) 100vw, 1526px\" \/>\t\t\t\t\t\t\t\t\t\t\t\t\t<\/div>\n\t\t\t\t<\/div>\n\t\t\t\t\t<\/div>\n\t\t<\/div>\n\t\t\t\t\t<\/div>\n\t\t<\/section>\n\t\t\t\t<section class=\"elementor-section elementor-top-section elementor-element elementor-element-2393bc4 elementor-section-height-min-height elementor-section-stretched elementor-section-full_width elementor-section-items-stretch elementor-section-height-default elementor-section-column-vertical-align-stretch\" data-id=\"2393bc4\" data-element_type=\"section\" data-settings=\"{&quot;stretch_section&quot;:&quot;section-stretched&quot;}\">\n\t\t\t\t\t\t<div class=\"elementor-container elementor-column-gap-no\">\n\t\t\t\t\t<div class=\"elementor-column elementor-col-50 elementor-top-column elementor-element elementor-element-41b487e\" data-id=\"41b487e\" data-element_type=\"column\">\n\t\t\t<div class=\"elementor-widget-wrap elementor-element-populated\">\n\t\t\t\t\t\t<div class=\"elementor-element elementor-element-d12a3c0 elementor-widget__width-initial elementor-widget-mobile__width-inherit elementor-invisible nuss-elementor-loading nuss-slide-in-right elementor-widget elementor-widget-image\" data-id=\"d12a3c0\" data-element_type=\"widget\" data-settings=\"{&quot;_animation&quot;:&quot;nussSlideInRight&quot;}\" data-widget_type=\"image.default\">\n\t\t\t\t<div class=\"elementor-widget-container\">\n\t\t\t\t\t\t\t\t\t\t\t\t\t<img decoding=\"async\" width=\"1600\" height=\"1065\" src=\"https:\/\/riadlesaadien.com\/wp-content\/uploads\/2023\/12\/patio-roses.jpg\" class=\"attachment-full size-full wp-image-7385\" alt=\"Riad Marrakech\" srcset=\"https:\/\/riadlesaadien.com\/wp-content\/uploads\/2023\/12\/patio-roses.jpg 1600w, https:\/\/riadlesaadien.com\/wp-content\/uploads\/2023\/12\/patio-roses-300x200.jpg 300w, https:\/\/riadlesaadien.com\/wp-content\/uploads\/2023\/12\/patio-roses-1024x682.jpg 1024w, https:\/\/riadlesaadien.com\/wp-content\/uploads\/2023\/12\/patio-roses-768x511.jpg 768w, https:\/\/riadlesaadien.com\/wp-content\/uploads\/2023\/12\/patio-roses-1536x1022.jpg 1536w, https:\/\/riadlesaadien.com\/wp-content\/uploads\/2023\/12\/patio-roses-18x12.jpg 18w\" sizes=\"(max-width: 1600px) 100vw, 1600px\" \/>\t\t\t\t\t\t\t\t\t\t\t\t\t<\/div>\n\t\t\t\t<\/div>\n\t\t\t\t\t<\/div>\n\t\t<\/div>\n\t\t\t\t<div class=\"elementor-column elementor-col-50 elementor-top-column elementor-element elementor-element-281747b\" data-id=\"281747b\" data-element_type=\"column\">\n\t\t\t<div class=\"elementor-widget-wrap elementor-element-populated\">\n\t\t\t\t\t\t<div class=\"elementor-element elementor-element-d77b752 elementor-invisible elementor-widget elementor-widget-nuss-heading\" data-id=\"d77b752\" data-element_type=\"widget\" data-settings=\"{&quot;_animation&quot;:&quot;nussFadeInUp&quot;}\" data-widget_type=\"nuss-heading.default\">\n\t\t\t\t<div class=\"elementor-widget-container\">\n\t\t\t\t\t<div class=\"nuss-modern-heading\">\n\t\t\t\n\t\t\t\t\t<div class=\"heading-primary-wrap\">\n\t\t\t<h4 class=\"heading-primary elementor-heading-title\">Since 2022<\/h4>\t\t<\/div>\n\t\t\n\t\t\t\t\t<div class=\"heading-divider-wrap\">\n\t\t\t<div class=\"heading-divider\" style=\"left: 0px;top: 6px\"><\/div>\n\t\t<\/div>\n\t    \n\t\t\t\t\t<\/div>\n\t\t\t\t<\/div>\n\t\t\t\t<\/div>\n\t\t\t\t<div class=\"elementor-element elementor-element-42014f7 elementor-invisible elementor-widget elementor-widget-heading\" data-id=\"42014f7\" data-element_type=\"widget\" data-settings=\"{&quot;_animation&quot;:&quot;nussFadeInUp&quot;}\" data-widget_type=\"heading.default\">\n\t\t\t\t<div class=\"elementor-widget-container\">\n\t\t\t<h3 class=\"elementor-heading-title elementor-size-default\">Le Saadien<\/h3>\t\t<\/div>\n\t\t\t\t<\/div>\n\t\t\t\t<div class=\"elementor-element elementor-element-2ba7908 elementor-invisible elementor-widget elementor-widget-text-editor\" data-id=\"2ba7908\" data-element_type=\"widget\" data-settings=\"{&quot;_animation&quot;:&quot;nussFadeInUp&quot;}\" data-widget_type=\"text-editor.default\">\n\t\t\t\t<div class=\"elementor-widget-container\">\n\t\t\t\t\t\t\t<p>R\u00e9cemment r\u00e9nov\u00e9 dans le plus grand respect de la tradition architecturale marocaine et situ\u00e9 dans une petite rue tranquille au c\u0153ur de la Medina, Riad Le Saadien est une exploration du patrimoine riche et complexe du Maroc. Chaque d\u00e9tail \u00e0 \u00e9t\u00e9 r\u00e9aliser par des artisans marocains au savoir-faire exceptionnel.<\/p><p>Son rooftop offre une vue panoramique sur Marrakech, le Riad se trouve \u00e0 quelques pas des sites historiques des Tombeaux Saadiens, du Palais Royal, du Palais de la Bahia et du Palais Badii, tous situ\u00e9s dans le p\u00e9rim\u00e8tre de la M\u00e9dina class\u00e9e au patrimoine mondial de l&rsquo;UNESCO.<\/p>\t\t\t\t\t\t<\/div>\n\t\t\t\t<\/div>\n\t\t\t\t<div class=\"elementor-element elementor-element-ca5b1ea elementor-invisible elementor-widget elementor-widget-button\" data-id=\"ca5b1ea\" data-element_type=\"widget\" data-settings=\"{&quot;_animation&quot;:&quot;nussFadeInUp&quot;}\" data-widget_type=\"button.default\">\n\t\t\t\t<div class=\"elementor-widget-container\">\n\t\t\t\t\t<div class=\"elementor-button-wrapper\">\n\t\t\t<a class=\"elementor-button elementor-button-link elementor-size-sm\" href=\"https:\/\/riadlesaadien.com\/fr\/nos-chambres\/\">\n\t\t\t\t\t\t<span class=\"elementor-button-content-wrapper\">\n\t\t\t\t\t\t<span class=\"elementor-button-text\">D\u00e9couvrez nos chambres<\/span>\n\t\t<\/span>\n\t\t\t\t\t<\/a>\n\t\t<\/div>\n\t\t\t\t<\/div>\n\t\t\t\t<\/div>\n\t\t\t\t\t<\/div>\n\t\t<\/div>\n\t\t\t\t\t<\/div>\n\t\t<\/section>\n\t\t\t\t<section class=\"elementor-section elementor-top-section elementor-element elementor-element-e0daf14 elementor-section-boxed elementor-section-gap-beside-yes elementor-section-height-default elementor-section-height-default elementor-section-column-vertical-align-stretch\" data-id=\"e0daf14\" data-element_type=\"section\" data-settings=\"{&quot;background_background&quot;:&quot;classic&quot;}\">\n\t\t\t\t\t\t<div class=\"elementor-container elementor-column-gap-extended\">\n\t\t\t\t\t<div class=\"elementor-column elementor-col-100 elementor-top-column elementor-element elementor-element-46a5fbd\" data-id=\"46a5fbd\" data-element_type=\"column\">\n\t\t\t<div class=\"elementor-widget-wrap elementor-element-populated\">\n\t\t\t\t\t\t<div class=\"elementor-element elementor-element-7c94096 elementor-invisible elementor-widget elementor-widget-image-gallery\" data-id=\"7c94096\" data-element_type=\"widget\" data-settings=\"{&quot;_animation&quot;:&quot;nussFadeInUp&quot;}\" data-widget_type=\"image-gallery.default\">\n\t\t\t\t<div class=\"elementor-widget-container\">\n\t\t\t<style>\/*! elementor - v3.19.0 - 29-01-2024 *\/\n.elementor-image-gallery .gallery-item{display:inline-block;text-align:center;vertical-align:top;width:100%;max-width:100%;margin:0 auto}.elementor-image-gallery .gallery-item img{margin:0 auto}.elementor-image-gallery .gallery-item .gallery-caption{margin:0}.elementor-image-gallery figure img{display:block}.elementor-image-gallery figure figcaption{width:100%}.gallery-spacing-custom .elementor-image-gallery .gallery-icon{padding:0}@media (min-width:768px){.elementor-image-gallery .gallery-columns-2 .gallery-item{max-width:50%}.elementor-image-gallery .gallery-columns-3 .gallery-item{max-width:33.33%}.elementor-image-gallery .gallery-columns-4 .gallery-item{max-width:25%}.elementor-image-gallery .gallery-columns-5 .gallery-item{max-width:20%}.elementor-image-gallery .gallery-columns-6 .gallery-item{max-width:16.666%}.elementor-image-gallery .gallery-columns-7 .gallery-item{max-width:14.28%}.elementor-image-gallery .gallery-columns-8 .gallery-item{max-width:12.5%}.elementor-image-gallery .gallery-columns-9 .gallery-item{max-width:11.11%}.elementor-image-gallery .gallery-columns-10 .gallery-item{max-width:10%}}@media (min-width:480px) and (max-width:767px){.elementor-image-gallery .gallery.gallery-columns-2 .gallery-item,.elementor-image-gallery .gallery.gallery-columns-3 .gallery-item,.elementor-image-gallery .gallery.gallery-columns-4 .gallery-item,.elementor-image-gallery .gallery.gallery-columns-5 .gallery-item,.elementor-image-gallery .gallery.gallery-columns-6 .gallery-item,.elementor-image-gallery .gallery.gallery-columns-7 .gallery-item,.elementor-image-gallery .gallery.gallery-columns-8 .gallery-item,.elementor-image-gallery .gallery.gallery-columns-9 .gallery-item,.elementor-image-gallery .gallery.gallery-columns-10 .gallery-item{max-width:50%}}@media (max-width:479px){.elementor-image-gallery .gallery.gallery-columns-2 .gallery-item,.elementor-image-gallery .gallery.gallery-columns-3 .gallery-item,.elementor-image-gallery .gallery.gallery-columns-4 .gallery-item,.elementor-image-gallery .gallery.gallery-columns-5 .gallery-item,.elementor-image-gallery .gallery.gallery-columns-6 .gallery-item,.elementor-image-gallery .gallery.gallery-columns-7 .gallery-item,.elementor-image-gallery .gallery.gallery-columns-8 .gallery-item,.elementor-image-gallery .gallery.gallery-columns-9 .gallery-item,.elementor-image-gallery .gallery.gallery-columns-10 .gallery-item{max-width:100%}}<\/style>\t\t<div class=\"elementor-image-gallery\">\n\t\t\t\t\t<\/div>\n\t\t\t\t<\/div>\n\t\t\t\t<\/div>\n\t\t\t\t\t<\/div>\n\t\t<\/div>\n\t\t\t\t\t<\/div>\n\t\t<\/section>\n\t\t\t\t<\/div>\n\t\t","protected":false},"excerpt":{"rendered":"<p>Le personnel du Riad Le Saadien est comme une famille. Vous rencontrerez l&rsquo;\u00e9quipe \u00e0 votre arriv\u00e9e, ils vous recevront avec un accueil chaleureux et un traditionnel th\u00e9 \u00e0 la menthe accompagn\u00e9 de p\u00e2tisseries. Sans l&rsquo;ombre d&rsquo;un doute, ils feront en sorte que votre s\u00e9jour au Riad Le Saadien soit m\u00e9morable et r\u00e9ponde \u00e0 tous vos [&hellip;]<\/p>\n","protected":false},"author":1,"featured_media":0,"parent":0,"menu_order":0,"comment_status":"closed","ping_status":"closed","template":"elementor_header_footer","meta":{"footnotes":""},"class_list":["post-6325","page","type-page","status-publish","hentry","post-no-thumbnail"],"yoast_head":"<!-- This site is optimized with the Yoast SEO plugin v27.1.1 - https:\/\/yoast.com\/product\/yoast-seo-wordpress\/ -->\n<title>Riad Medina Marrakech - R\u00e9servez aux Meilleur Tarifs<\/title>\n<meta name=\"description\" content=\"Riad Le Saadien: Maison d&#039;h\u00f4tes de Luxe situ\u00e9e \u00e0 la Medina de Marrakech. R\u00e9servez maintenant aux meilleur tarifs.\" \/>\n<meta name=\"robots\" content=\"index, follow, max-snippet:-1, max-image-preview:large, max-video-preview:-1\" \/>\n<link rel=\"canonical\" href=\"https:\/\/riadlesaadien.com\/en\/le-saadien\/\" \/>\n<meta property=\"og:locale\" content=\"en_GB\" \/>\n<meta property=\"og:type\" content=\"article\" \/>\n<meta property=\"og:title\" content=\"Riad Medina Marrakech - R\u00e9servez aux Meilleur Tarifs\" \/>\n<meta property=\"og:description\" content=\"Riad Le Saadien: Maison d&#039;h\u00f4tes de Luxe situ\u00e9e \u00e0 la Medina de Marrakech. R\u00e9servez maintenant aux meilleur tarifs.\" \/>\n<meta property=\"og:url\" content=\"https:\/\/riadlesaadien.com\/en\/le-saadien\/\" \/>\n<meta property=\"og:site_name\" content=\"Riad Le Saadien\" \/>\n<meta property=\"article:modified_time\" content=\"2024-01-31T15:32:06+00:00\" \/>\n<meta property=\"og:image\" content=\"http:\/\/127.0.0.1\/saadien\/wp-content\/uploads\/2022\/02\/LOGO-LE-SAADIEN-FINAL-LINGE-3-.png\" \/>\n<meta name=\"twitter:card\" content=\"summary_large_image\" \/>\n<meta name=\"twitter:label1\" content=\"Estimated reading time\" \/>\n\t<meta name=\"twitter:data1\" content=\"3 minutes\" \/>\n<script type=\"application\/ld+json\" class=\"yoast-schema-graph\">{\"@context\":\"https:\/\/schema.org\",\"@graph\":[{\"@type\":\"WebPage\",\"@id\":\"https:\/\/riadlesaadien.com\/le-saadien\/\",\"url\":\"https:\/\/riadlesaadien.com\/le-saadien\/\",\"name\":\"Riad Medina Marrakech - R\u00e9servez aux Meilleur Tarifs\",\"isPartOf\":{\"@id\":\"https:\/\/riadlesaadien.com\/#website\"},\"primaryImageOfPage\":{\"@id\":\"https:\/\/riadlesaadien.com\/le-saadien\/#primaryimage\"},\"image\":{\"@id\":\"https:\/\/riadlesaadien.com\/le-saadien\/#primaryimage\"},\"thumbnailUrl\":\"http:\/\/127.0.0.1\/saadien\/wp-content\/uploads\/2022\/02\/LOGO-LE-SAADIEN-FINAL-LINGE-3-.png\",\"datePublished\":\"2021-03-23T04:33:54+00:00\",\"dateModified\":\"2024-01-31T15:32:06+00:00\",\"description\":\"Riad Le Saadien: Maison d'h\u00f4tes de Luxe situ\u00e9e \u00e0 la Medina de Marrakech. R\u00e9servez maintenant aux meilleur tarifs.\",\"breadcrumb\":{\"@id\":\"https:\/\/riadlesaadien.com\/le-saadien\/#breadcrumb\"},\"inLanguage\":\"en-GB\",\"potentialAction\":[{\"@type\":\"ReadAction\",\"target\":[\"https:\/\/riadlesaadien.com\/le-saadien\/\"]}]},{\"@type\":\"ImageObject\",\"inLanguage\":\"en-GB\",\"@id\":\"https:\/\/riadlesaadien.com\/le-saadien\/#primaryimage\",\"url\":\"http:\/\/127.0.0.1\/saadien\/wp-content\/uploads\/2022\/02\/LOGO-LE-SAADIEN-FINAL-LINGE-3-.png\",\"contentUrl\":\"http:\/\/127.0.0.1\/saadien\/wp-content\/uploads\/2022\/02\/LOGO-LE-SAADIEN-FINAL-LINGE-3-.png\"},{\"@type\":\"BreadcrumbList\",\"@id\":\"https:\/\/riadlesaadien.com\/le-saadien\/#breadcrumb\",\"itemListElement\":[{\"@type\":\"ListItem\",\"position\":1,\"name\":\"Accueil\",\"item\":\"https:\/\/riadlesaadien.com\/\"},{\"@type\":\"ListItem\",\"position\":2,\"name\":\"Le Saadien\"}]},{\"@type\":\"WebSite\",\"@id\":\"https:\/\/riadlesaadien.com\/#website\",\"url\":\"https:\/\/riadlesaadien.com\/\",\"name\":\"Riad Le Saadien - Riad MEdina MArrakech\",\"description\":\"Riad de luxe \u00e0 Marrakech\",\"publisher\":{\"@id\":\"https:\/\/riadlesaadien.com\/#organization\"},\"potentialAction\":[{\"@type\":\"SearchAction\",\"target\":{\"@type\":\"EntryPoint\",\"urlTemplate\":\"https:\/\/riadlesaadien.com\/?s={search_term_string}\"},\"query-input\":{\"@type\":\"PropertyValueSpecification\",\"valueRequired\":true,\"valueName\":\"search_term_string\"}}],\"inLanguage\":\"en-GB\"},{\"@type\":\"Organization\",\"@id\":\"https:\/\/riadlesaadien.com\/#organization\",\"name\":\"Riad Le Saadien\",\"url\":\"https:\/\/riadlesaadien.com\/\",\"logo\":{\"@type\":\"ImageObject\",\"inLanguage\":\"en-GB\",\"@id\":\"https:\/\/riadlesaadien.com\/#\/schema\/logo\/image\/\",\"url\":\"https:\/\/riadlesaadien.com\/wp-content\/uploads\/2024\/01\/cropped-favic.png\",\"contentUrl\":\"https:\/\/riadlesaadien.com\/wp-content\/uploads\/2024\/01\/cropped-favic.png\",\"width\":512,\"height\":512,\"caption\":\"Riad Le Saadien\"},\"image\":{\"@id\":\"https:\/\/riadlesaadien.com\/#\/schema\/logo\/image\/\"}}]}<\/script>\n<!-- \/ Yoast SEO plugin. -->","yoast_head_json":{"title":"Riad In Medina Marrakech - Riad Le Saadien","description":"Riad Le Saadien: A luxury guesthouse located in the Medina of Marrakech. Book now for the best rates.","robots":{"index":"index","follow":"follow","max-snippet":"max-snippet:-1","max-image-preview":"max-image-preview:large","max-video-preview":"max-video-preview:-1"},"canonical":"https:\/\/riadlesaadien.com\/en\/le-saadien\/","og_locale":"en_GB","og_type":"article","og_title":"Riad Medina Marrakech - R\u00e9servez aux Meilleur Tarifs","og_description":"Riad Le Saadien: Maison d'h\u00f4tes de Luxe situ\u00e9e \u00e0 la Medina de Marrakech. R\u00e9servez maintenant aux meilleur tarifs.","og_url":"https:\/\/riadlesaadien.com\/en\/le-saadien\/","og_site_name":"Riad Le Saadien","article_modified_time":"2024-01-31T15:32:06+00:00","og_image":[{"url":"http:\/\/127.0.0.1\/saadien\/wp-content\/uploads\/2022\/02\/LOGO-LE-SAADIEN-FINAL-LINGE-3-.png","type":"","width":"","height":""}],"twitter_card":"summary_large_image","twitter_misc":{"Estimated reading time":"3 minutes"},"schema":{"@context":"https:\/\/schema.org","@graph":[{"@type":"WebPage","@id":"https:\/\/riadlesaadien.com\/le-saadien\/","url":"https:\/\/riadlesaadien.com\/le-saadien\/","name":"Riad In Medina Marrakech - Riad Le Saadien","isPartOf":{"@id":"https:\/\/riadlesaadien.com\/#website"},"primaryImageOfPage":{"@id":"https:\/\/riadlesaadien.com\/le-saadien\/#primaryimage"},"image":{"@id":"https:\/\/riadlesaadien.com\/le-saadien\/#primaryimage"},"thumbnailUrl":"http:\/\/127.0.0.1\/saadien\/wp-content\/uploads\/2022\/02\/LOGO-LE-SAADIEN-FINAL-LINGE-3-.png","datePublished":"2021-03-23T04:33:54+00:00","dateModified":"2024-01-31T15:32:06+00:00","description":"Riad Le Saadien: A luxury guesthouse located in the Medina of Marrakech. Book now for the best rates.","breadcrumb":{"@id":"https:\/\/riadlesaadien.com\/le-saadien\/#breadcrumb"},"inLanguage":"en-GB","potentialAction":[{"@type":"ReadAction","target":["https:\/\/riadlesaadien.com\/le-saadien\/"]}]},{"@type":"ImageObject","inLanguage":"en-GB","@id":"https:\/\/riadlesaadien.com\/le-saadien\/#primaryimage","url":"http:\/\/127.0.0.1\/saadien\/wp-content\/uploads\/2022\/02\/LOGO-LE-SAADIEN-FINAL-LINGE-3-.png","contentUrl":"http:\/\/127.0.0.1\/saadien\/wp-content\/uploads\/2022\/02\/LOGO-LE-SAADIEN-FINAL-LINGE-3-.png"},{"@type":"BreadcrumbList","@id":"https:\/\/riadlesaadien.com\/le-saadien\/#breadcrumb","itemListElement":[{"@type":"ListItem","position":1,"name":"Accueil","item":"https:\/\/riadlesaadien.com\/"},{"@type":"ListItem","position":2,"name":"Le Saadien"}]},{"@type":"WebSite","@id":"https:\/\/riadlesaadien.com\/#website","url":"https:\/\/riadlesaadien.com\/","name":"Riad Le Saadien - Riad MEdina MArrakech","description":"Luxury Riad In Marrakech","publisher":{"@id":"https:\/\/riadlesaadien.com\/#organization"},"potentialAction":[{"@type":"SearchAction","target":{"@type":"EntryPoint","urlTemplate":"https:\/\/riadlesaadien.com\/?s={search_term_string}"},"query-input":{"@type":"PropertyValueSpecification","valueRequired":true,"valueName":"search_term_string"}}],"inLanguage":"en-GB"},{"@type":"Organization","@id":"https:\/\/riadlesaadien.com\/#organization","name":"Riad Le Saadien","url":"https:\/\/riadlesaadien.com\/","logo":{"@type":"ImageObject","inLanguage":"en-GB","@id":"https:\/\/riadlesaadien.com\/#\/schema\/logo\/image\/","url":"https:\/\/riadlesaadien.com\/wp-content\/uploads\/2024\/01\/cropped-favic.png","contentUrl":"https:\/\/riadlesaadien.com\/wp-content\/uploads\/2024\/01\/cropped-favic.png","width":512,"height":512,"caption":"Riad Le Saadien"},"image":{"@id":"https:\/\/riadlesaadien.com\/#\/schema\/logo\/image\/"}}]}},"_links":{"self":[{"href":"https:\/\/riadlesaadien.com\/en\/wp-json\/wp\/v2\/pages\/6325","targetHints":{"allow":["GET"]}}],"collection":[{"href":"https:\/\/riadlesaadien.com\/en\/wp-json\/wp\/v2\/pages"}],"about":[{"href":"https:\/\/riadlesaadien.com\/en\/wp-json\/wp\/v2\/types\/page"}],"author":[{"embeddable":true,"href":"https:\/\/riadlesaadien.com\/en\/wp-json\/wp\/v2\/users\/1"}],"replies":[{"embeddable":true,"href":"https:\/\/riadlesaadien.com\/en\/wp-json\/wp\/v2\/comments?post=6325"}],"version-history":[{"count":1,"href":"https:\/\/riadlesaadien.com\/en\/wp-json\/wp\/v2\/pages\/6325\/revisions"}],"predecessor-version":[{"id":7782,"href":"https:\/\/riadlesaadien.com\/en\/wp-json\/wp\/v2\/pages\/6325\/revisions\/7782"}],"wp:attachment":[{"href":"https:\/\/riadlesaadien.com\/en\/wp-json\/wp\/v2\/media?parent=6325"}],"curies":[{"name":"wp","href":"https:\/\/api.w.org\/{rel}","templated":true}]}}